{"id":34,"date":"2024-10-18T16:50:52","date_gmt":"2024-10-18T13:50:52","guid":{"rendered":"https:\/\/serdivan.web.tr\/inanmakinacnc\/?page_id=34"},"modified":"2024-10-25T13:23:51","modified_gmt":"2024-10-25T10:23:51","slug":"iletisim","status":"publish","type":"page","link":"https:\/\/inanmakinacnc.com\/?page_id=34","title":{"rendered":"\u0130LET\u0130\u015e\u0130M"},"content":{"rendered":"<div class=\"row row-collapse row-full-width\"  id=\"row-1167659607\">\n\n\t<div id=\"col-1336657104\" class=\"col small-12 large-12\"  >\n\t\t\t\t<div class=\"col-inner\"  >\n\t\t\t\n\t\t\t\n\t<section class=\"section has-parallax\" id=\"section_1406903994\">\n\t\t<div class=\"bg section-bg fill bg-fill  \" data-parallax-container=\".section\" data-parallax-background data-parallax=\"-5\">\n\n\t\t\t\n\t\t\t<div class=\"section-bg-overlay absolute fill\"><\/div>\n\t\t\t\n\n\t\t<\/div>\n\n\t\t<div class=\"section-content relative\">\n\t\t\t\n<div class=\"row row-collapse align-center\" style=\"max-width:\" id=\"row-1744221849\">\n\n\t<div id=\"col-756861900\" class=\"col small-12 large-12\"  >\n\t\t\t\t<div class=\"col-inner text-center dark\"  >\n\t\t\t\n\t\t\t\n<h1><span style=\"font-size: 250%;\">\u0130LET\u0130\u015e\u0130M<\/span><\/h1>\n\t\t<\/div>\n\t\t\t\t\n<style>\n#col-756861900 > .col-inner {\n  padding: 100px 20px 200px 0px;\n}\n@media (min-width:550px) {\n  #col-756861900 > .col-inner {\n    padding: 100px 0px 200px 0px;\n  }\n}\n<\/style>\n\t<\/div>\n\n\t\n<\/div>\n\t\t<\/div>\n\n\t\t\n<style>\n#section_1406903994 {\n  padding-top: 0px;\n  padding-bottom: 0px;\n  min-height: 0px;\n}\n#section_1406903994 .section-bg-overlay {\n  background-color: rgba(0, 0, 0, 0.12);\n}\n#section_1406903994 .section-bg.bg-loaded {\n  background-image: url(https:\/\/inanmakinacnc.com\/wp-content\/uploads\/2024\/10\/cnc-isleme-merkezi-inan-makina-sakarya-cnc-iletisim.webp);\n}\n#section_1406903994 .section-bg {\n  background-position: 54% 50%;\n}\n@media (min-width:550px) {\n  #section_1406903994 {\n    padding-top: 0px;\n    padding-bottom: 0px;\n  }\n  #section_1406903994 .section-bg-overlay {\n    background-color: rgba(0, 0, 0, 0.21);\n  }\n}\n@media (min-width:850px) {\n  #section_1406903994 {\n    padding-top: 49px;\n    padding-bottom: 49px;\n  }\n  #section_1406903994 .section-bg-overlay {\n    background-color: rgba(255, 135, 0, 0.448);\n  }\n}\n<\/style>\n\t<\/section>\n\t\n\t\t<\/div>\n\t\t\t\t\t<\/div>\n\n\t\n<\/div>\n<div class=\"row row-large\" style=\"max-width:1400px\" id=\"row-1490015916\">\n\n\t<div id=\"col-1314387459\" class=\"col small-12 large-12\"  >\n\t\t\t\t<div class=\"col-inner\" style=\"background-color:rgb(255, 255, 255);\" >\n\t\t\t\n\t\t\t\n<div class=\"row row-collapse row-full-width\"  id=\"row-1646368065\">\n\n\t<div id=\"col-514570779\" class=\"col medium-12 small-12 large-6\"  >\n\t\t\t\t<div class=\"col-inner\"  >\n\t\t\t\n\t\t\t\n<h2><span style=\"font-size: 120%;\">\u0130leti\u015fim<\/span><\/h2>\n<p>ANASAYFA\/\u0130LET\u0130\u015e\u0130M<\/p>\n\t<div id=\"gap-1841726645\" class=\"gap-element clearfix\" style=\"display:block; height:auto;\">\n\t\t\n<style>\n#gap-1841726645 {\n  padding-top: 20px;\n}\n@media (min-width:550px) {\n  #gap-1841726645 {\n    padding-top: 20px;\n  }\n}\n@media (min-width:850px) {\n  #gap-1841726645 {\n    padding-top: 30px;\n  }\n}\n<\/style>\n\t<\/div>\n\t\n<div class=\"row\"  id=\"row-1584805630\">\n\n\t<div id=\"col-1584648619\" class=\"col medium-6 small-12 large-6\"  >\n\t\t\t\t<div class=\"col-inner\"  >\n\t\t\t\n\t\t\t\n\t<div class=\"img has-hover x md-x lg-x y md-y lg-y\" id=\"image_860603122\">\n\t\t\t\t\t\t\t\t<div class=\"img-inner dark\" >\n\t\t\t<img loading=\"lazy\" decoding=\"async\" width=\"240\" height=\"240\" src=\"https:\/\/inanmakinacnc.com\/wp-content\/uploads\/2024\/10\/sahabas-konum.png\" class=\"attachment-large size-large\" alt=\"\" srcset=\"https:\/\/inanmakinacnc.com\/wp-content\/uploads\/2024\/10\/sahabas-konum.png 240w, https:\/\/inanmakinacnc.com\/wp-content\/uploads\/2024\/10\/sahabas-konum-150x150.png 150w\" sizes=\"auto, (max-width: 240px) 100vw, 240px\" \/>\t\t\t\t\t\t\n\t\t\t\t\t<\/div>\n\t\t\t\t\t\t\t\t\n<style>\n#image_860603122 {\n  width: 15%;\n}\n@media (min-width:550px) {\n  #image_860603122 {\n    width: 20%;\n  }\n}\n<\/style>\n\t<\/div>\n\t\n<h3 class=\"uppercase\">Adres<\/h3>\n<p>Hanl\u0131k\u00f6y Mah. Hanl\u0131k\u00f6y 2. Sk. No:4-6 Arifiye\/Sakarya<\/p>\n\t\t<\/div>\n\t\t\t\t\t<\/div>\n\n\t\n\n\t<div id=\"col-1258163607\" class=\"col medium-5 small-12 large-6\"  >\n\t\t\t\t<div class=\"col-inner\"  >\n\t\t\t\n\t\t\t\n\t<div class=\"img has-hover x md-x lg-x y md-y lg-y\" id=\"image_886942457\">\n\t\t\t\t\t\t\t\t<div class=\"img-inner dark\" >\n\t\t\t<img loading=\"lazy\" decoding=\"async\" width=\"240\" height=\"240\" src=\"https:\/\/inanmakinacnc.com\/wp-content\/uploads\/2024\/10\/sahabas-calisma-saatleri.png\" class=\"attachment-large size-large\" alt=\"\" srcset=\"https:\/\/inanmakinacnc.com\/wp-content\/uploads\/2024\/10\/sahabas-calisma-saatleri.png 240w, https:\/\/inanmakinacnc.com\/wp-content\/uploads\/2024\/10\/sahabas-calisma-saatleri-150x150.png 150w\" sizes=\"auto, (max-width: 240px) 100vw, 240px\" \/>\t\t\t\t\t\t\n\t\t\t\t\t<\/div>\n\t\t\t\t\t\t\t\t\n<style>\n#image_886942457 {\n  width: 15%;\n}\n@media (min-width:550px) {\n  #image_886942457 {\n    width: 20%;\n  }\n}\n<\/style>\n\t<\/div>\n\t\n<h3 class=\"uppercase\">\u00e7al\u0131\u015fma saatleri<\/h3>\n<p>Hafta \u0130\u00e7i: 08:30 \u2013 18:00<br \/>Cumartesi : 08:00 \u2013 17:30<br \/>Pazar : Kapal\u0131<\/p>\n\t\t<\/div>\n\t\t\t\t\t<\/div>\n\n\t\n<\/div>\n<div class=\"row\"  id=\"row-1711079122\">\n\n\t<div id=\"col-222484202\" class=\"col medium-6 small-12 large-6\"  >\n\t\t\t\t<div class=\"col-inner\"  >\n\t\t\t\n\t\t\t\n\t<div class=\"img has-hover x md-x lg-x y md-y lg-y\" id=\"image_483413462\">\n\t\t\t\t\t\t\t\t<div class=\"img-inner dark\" >\n\t\t\t<img loading=\"lazy\" decoding=\"async\" width=\"240\" height=\"240\" src=\"https:\/\/inanmakinacnc.com\/wp-content\/uploads\/2024\/10\/sahabas-mail.png\" class=\"attachment-large size-large\" alt=\"\" srcset=\"https:\/\/inanmakinacnc.com\/wp-content\/uploads\/2024\/10\/sahabas-mail.png 240w, https:\/\/inanmakinacnc.com\/wp-content\/uploads\/2024\/10\/sahabas-mail-150x150.png 150w\" sizes=\"auto, (max-width: 240px) 100vw, 240px\" \/>\t\t\t\t\t\t\n\t\t\t\t\t<\/div>\n\t\t\t\t\t\t\t\t\n<style>\n#image_483413462 {\n  width: 15%;\n}\n@media (min-width:550px) {\n  #image_483413462 {\n    width: 20%;\n  }\n}\n<\/style>\n\t<\/div>\n\t\n<h3 class=\"uppercase\">E-mail<\/h3>\n<p><a href=\"mailto:bilgi@inanmakinacnc.com\">bilgi@inanmakinacnc.com<\/a><\/p>\n\t\t<\/div>\n\t\t\t\t\t<\/div>\n\n\t\n\n\t<div id=\"col-1572511736\" class=\"col medium-6 small-12 large-6\"  >\n\t\t\t\t<div class=\"col-inner\"  >\n\t\t\t\n\t\t\t\n\t<div class=\"img has-hover x md-x lg-x y md-y lg-y\" id=\"image_2128075490\">\n\t\t\t\t\t\t\t\t<div class=\"img-inner dark\" >\n\t\t\t<img loading=\"lazy\" decoding=\"async\" width=\"240\" height=\"240\" src=\"https:\/\/inanmakinacnc.com\/wp-content\/uploads\/2024\/10\/sahabas-finans-iletisim.png\" class=\"attachment-large size-large\" alt=\"\" srcset=\"https:\/\/inanmakinacnc.com\/wp-content\/uploads\/2024\/10\/sahabas-finans-iletisim.png 240w, https:\/\/inanmakinacnc.com\/wp-content\/uploads\/2024\/10\/sahabas-finans-iletisim-150x150.png 150w\" sizes=\"auto, (max-width: 240px) 100vw, 240px\" \/>\t\t\t\t\t\t\n\t\t\t\t\t<\/div>\n\t\t\t\t\t\t\t\t\n<style>\n#image_2128075490 {\n  width: 15%;\n}\n@media (min-width:550px) {\n  #image_2128075490 {\n    width: 20%;\n  }\n}\n<\/style>\n\t<\/div>\n\t\n\t<div id=\"text-2226338326\" class=\"text\">\n\t\t\n<h3 class=\"uppercase\">telefon<\/h3>\n<p>0 264 276 0361<\/p>\n<p>0532 613 38 54<\/p>\n\t\t\n<style>\n#text-2226338326 {\n  line-height: 0.75;\n}\n<\/style>\n\t<\/div>\n\t\n\t\t<\/div>\n\t\t\t\t\t<\/div>\n\n\t\n<\/div>\n\t\t<\/div>\n\t\t\t\t\n<style>\n#col-514570779 > .col-inner {\n  padding: 0px 0px 0px 20px;\n}\n<\/style>\n\t<\/div>\n\n\t\n\n\t<div id=\"col-582424097\" class=\"col medium-12 small-12 large-6\"  >\n\t\t\t\t<div class=\"col-inner\"  >\n\t\t\t\n\t\t\t\n<h2><span style=\"font-size: 120%;\">\u0130leti\u015fim Formu<\/span><\/h2>\n\t<div id=\"gap-1438695920\" class=\"gap-element clearfix\" style=\"display:block; height:auto;\">\n\t\t\n<style>\n#gap-1438695920 {\n  padding-top: 20px;\n}\n@media (min-width:550px) {\n  #gap-1438695920 {\n    padding-top: 20px;\n  }\n}\n@media (min-width:850px) {\n  #gap-1438695920 {\n    padding-top: 30px;\n  }\n}\n<\/style>\n\t<\/div>\n\t\n<p>\n\n<div class=\"wpcf7 no-js\" id=\"wpcf7-f188-o1\" lang=\"tr-TR\" dir=\"ltr\">\n<div class=\"screen-reader-response\"><p role=\"status\" aria-live=\"polite\" aria-atomic=\"true\"><\/p> <ul><\/ul><\/div>\n<form action=\"\/index.php?rest_route=%2Fwp%2Fv2%2Fpages%2F34#wpcf7-f188-o1\" method=\"post\" class=\"wpcf7-form init\" aria-label=\"\u0130leti\u015fim Formu\" novalidate=\"novalidate\" data-status=\"init\">\n<div style=\"display: none;\">\n<input type=\"hidden\" name=\"_wpcf7\" value=\"188\" \/>\n<input type=\"hidden\" name=\"_wpcf7_version\" value=\"5.9.8\" \/>\n<input type=\"hidden\" name=\"_wpcf7_locale\" value=\"tr_TR\" \/>\n<input type=\"hidden\" name=\"_wpcf7_unit_tag\" value=\"wpcf7-f188-o1\" \/>\n<input type=\"hidden\" name=\"_wpcf7_container_post\" value=\"0\" \/>\n<input type=\"hidden\" name=\"_wpcf7_posted_data_hash\" value=\"\" \/>\n<\/div>\n<p><label> Ad\u0131n\u0131z<br \/>\n<span class=\"wpcf7-form-control-wrap\" data-name=\"your-name\"><input size=\"40\" maxlength=\"400\" class=\"wpcf7-form-control wpcf7-text wpcf7-validates-as-required\" autocomplete=\"name\" aria-required=\"true\" aria-invalid=\"false\" value=\"\" type=\"text\" name=\"your-name\" \/><\/span> <\/label>\n<\/p>\n<p><label> E-posta adresiniz<br \/>\n<span class=\"wpcf7-form-control-wrap\" data-name=\"your-email\"><input size=\"40\" maxlength=\"400\" class=\"wpcf7-form-control wpcf7-email wpcf7-validates-as-required wpcf7-text wpcf7-validates-as-email\" autocomplete=\"email\" aria-required=\"true\" aria-invalid=\"false\" value=\"\" type=\"email\" name=\"your-email\" \/><\/span> <\/label>\n<\/p>\n<p><label> Konu<br \/>\n<span class=\"wpcf7-form-control-wrap\" data-name=\"your-subject\"><input size=\"40\" maxlength=\"400\" class=\"wpcf7-form-control wpcf7-text wpcf7-validates-as-required\" aria-required=\"true\" aria-invalid=\"false\" value=\"\" type=\"text\" name=\"your-subject\" \/><\/span> <\/label>\n<\/p>\n<p><label> \u0130letiniz (tercihe ba\u011fl\u0131)<br \/>\n<span class=\"wpcf7-form-control-wrap\" data-name=\"your-message\"><textarea cols=\"40\" rows=\"10\" maxlength=\"2000\" class=\"wpcf7-form-control wpcf7-textarea\" aria-invalid=\"false\" name=\"your-message\"><\/textarea><\/span> <\/label>\n<\/p>\n<p><input class=\"wpcf7-form-control wpcf7-submit has-spinner\" type=\"submit\" value=\"G\u00f6nder\" \/>\n<\/p><p style=\"display: none !important;\" class=\"akismet-fields-container\" data-prefix=\"_wpcf7_ak_\"><label>&#916;<textarea name=\"_wpcf7_ak_hp_textarea\" cols=\"45\" rows=\"8\" maxlength=\"100\"><\/textarea><\/label><input type=\"hidden\" id=\"ak_js_1\" name=\"_wpcf7_ak_js\" value=\"10\"\/><script>document.getElementById( \"ak_js_1\" ).setAttribute( \"value\", ( new Date() ).getTime() );<\/script><\/p><div class=\"wpcf7-response-output\" aria-hidden=\"true\"><\/div>\n<\/form>\n<\/div>\n\n\t\t<\/div>\n\t\t\t\t\t<\/div>\n\n\t\n\n<style>\n#row-1646368065 > .col > .col-inner {\n  padding: 0px 15px 0px 15px;\n}\n<\/style>\n<\/div>\n\t\t<\/div>\n\t\t\t\t\n<style>\n#col-1314387459 > .col-inner {\n  padding: 50px 20px 0px 20px;\n  margin: -0 0px 0px 0px;\n  border-radius: 30px;\n}\n@media (min-width:550px) {\n  #col-1314387459 > .col-inner {\n    padding: 50px 20px 30px 20px;\n    margin: 0 0px 0px 0px;\n  }\n}\n@media (min-width:850px) {\n  #col-1314387459 > .col-inner {\n    padding: 66px 5% 16px 5%;\n    margin: -135px 0px 0px 0px;\n  }\n}\n<\/style>\n\t<\/div>\n\n\t\n<\/div>\n<div class=\"row row-collapse row-full-width\"  id=\"row-206061471\">\n\n\t<div id=\"col-1251626106\" class=\"col small-12 large-12\"  >\n\t\t\t\t<div class=\"col-inner\"  >\n\t\t\t\n\t\t\t\n<p><iframe src=\"https:\/\/www.google.com\/maps\/embed?pb=!1m18!1m12!1m3!1d48334.32072638009!2d30.293206019531254!3d40.78632147364407!2m3!1f0!2f0!3f0!3m2!1i1024!2i768!4f13.1!3m3!1m2!1s0x14ccb248e3430845%3A0x8e8f1f5bffbcd159!2s%C4%B0nan%20Makina!5e0!3m2!1str!2str!4v1729851607252!5m2!1str!2str\" width=\"5000\" height=\"450\" style=\"border:0;\" allowfullscreen=\"\" loading=\"lazy\" referrerpolicy=\"no-referrer-when-downgrade\"><\/iframe><\/p>\n\t\t<\/div>\n\t\t\t\t\n<style>\n#col-1251626106 > .col-inner {\n  padding: 0px 30px 0px 30px;\n}\n<\/style>\n\t<\/div>\n\n\t\n<\/div>\n","protected":false},"excerpt":{"rendered":"","protected":false},"author":1,"featured_media":0,"parent":0,"menu_order":0,"comment_status":"closed","ping_status":"closed","template":"page-blank.php","meta":{"_joinchat":[],"footnotes":""},"class_list":["post-34","page","type-page","status-publish","hentry"],"_links":{"self":[{"href":"https:\/\/inanmakinacnc.com\/index.php?rest_route=\/wp\/v2\/pages\/34","targetHints":{"allow":["GET"]}}],"collection":[{"href":"https:\/\/inanmakinacnc.com\/index.php?rest_route=\/wp\/v2\/pages"}],"about":[{"href":"https:\/\/inanmakinacnc.com\/index.php?rest_route=\/wp\/v2\/types\/page"}],"author":[{"embeddable":true,"href":"https:\/\/inanmakinacnc.com\/index.php?rest_route=\/wp\/v2\/users\/1"}],"replies":[{"embeddable":true,"href":"https:\/\/inanmakinacnc.com\/index.php?rest_route=%2Fwp%2Fv2%2Fcomments&post=34"}],"version-history":[{"count":14,"href":"https:\/\/inanmakinacnc.com\/index.php?rest_route=\/wp\/v2\/pages\/34\/revisions"}],"predecessor-version":[{"id":189,"href":"https:\/\/inanmakinacnc.com\/index.php?rest_route=\/wp\/v2\/pages\/34\/revisions\/189"}],"wp:attachment":[{"href":"https:\/\/inanmakinacnc.com\/index.php?rest_route=%2Fwp%2Fv2%2Fmedia&parent=34"}],"curies":[{"name":"wp","href":"https:\/\/api.w.org\/{rel}","templated":true}]}}